{"id":19,"date":"2022-06-17T20:55:25","date_gmt":"2022-06-17T18:55:25","guid":{"rendered":"https:\/\/lollypopdolls.com\/?page_id=19"},"modified":"2022-06-17T20:55:25","modified_gmt":"2022-06-17T18:55:25","slug":"como-son-las-munequitas","status":"publish","type":"page","link":"https:\/\/lollypopdolls.com\/?page_id=19","title":{"rendered":"\u00bfC\u00f3mo son las mu\u00f1equitas?"},"content":{"rendered":"<p><strong>\u00bfQuieres saber c\u00f3mo son las mu\u00f1ecas sexuales?<\/strong><span>\u00a0<\/span>A continuaci\u00f3n describimos las caracter\u00edsticas de las mu\u00f1ecas sexuales modernas, detalles que hacen de las<span>\u00a0<\/span><a href=\"https:\/\/www.xn--muequitas-m6a.es\/collections\/munecas-femeninas\"><strong>mu\u00f1ecas sexuales disponibles en nuestra tienda<\/strong><\/a><span>\u00a0<\/span>las mejores del mercado.<\/p>\n<h2>\u00bfC\u00f3mo son las mu\u00f1ecas sexuales articuladas?<\/h2>\n<p>Como son las<span>\u00a0<\/span><a href=\"https:\/\/www.xn--muequitas-m6a.es\/collections\/munecas-femeninas\"><strong>mu\u00f1ecas sexuales modernas<\/strong><span>\u00a0<\/span><\/a>es un pregunta que muy a menudo nos hacen nuestros clientes. Las sexdolls modernas son mu\u00f1ecas confeccionadas tanto en TPE como en Silicona con un esqueleto met\u00e1lico en su interior que permite poner a la mu\u00f1eca en cualquier postura que te puedas imaginar.<\/p>\n<p>Gracias a este esqueleto articulado tu mu\u00f1eca sexual puede estar junto a ti en el sof\u00e1 o la cama sentada si as\u00ed lo deseas, permitiendo de este modo que la experiencia que compartes con ella sea tal y como tu deseas.<\/p>\n<p><img loading=\"lazy\" decoding=\"async\" src=\"https:\/\/cdn.shopify.com\/s\/files\/1\/0646\/0086\/7035\/files\/mune4_480x480.jpg?v=1652571855\" alt=\"\" width=\"349\" height=\"72\" style=\"display: block; margin-left: auto; margin-right: auto;\"><\/p>\n<p>\u00a0<\/p>\n<p><span>Todas nuestras\u00a0<\/span>mu\u00f1ecas sexuales personalizadas<span>\u00a0incorporan un un esqueleto met\u00e1lico articulado que permite poner a la mu\u00f1eca en la postura que desees. Las mu\u00f1ecas sexuales articuladas pueden usarse en multitud de posturas y est\u00e1n especialmente pensadas para que puedas disfrutar de las mejores sensaciones con ellas.<\/span><\/p>\n","protected":false},"excerpt":{"rendered":"<p>\u00bfQuieres saber c\u00f3mo son las mu\u00f1ecas sexuales?\u00a0A continuaci\u00f3n describimos las caracter\u00edsticas de las mu\u00f1ecas sexuales modernas, detalles que hacen de las\u00a0mu\u00f1ecas sexuales disponibles en nuestra tienda\u00a0las mejores del mercado. \u00bfC\u00f3mo son las mu\u00f1ecas sexuales articuladas? Como son las\u00a0mu\u00f1ecas sexuales modernas\u00a0es un pregunta que muy a menudo nos hacen nuestros clientes. Las sexdolls modernas son mu\u00f1ecas [&hellip;]<\/p>\n","protected":false},"author":1,"featured_media":0,"parent":0,"menu_order":0,"comment_status":"closed","ping_status":"closed","template":"","meta":{"footnotes":""},"class_list":["post-19","page","type-page","status-publish","hentry","entry","owp-thumbs-layout-horizontal","owp-btn-normal","owp-tabs-layout-horizontal","has-no-thumbnails","has-product-nav"],"_links":{"self":[{"href":"https:\/\/lollypopdolls.com\/index.php?rest_route=\/wp\/v2\/pages\/19","targetHints":{"allow":["GET"]}}],"collection":[{"href":"https:\/\/lollypopdolls.com\/index.php?rest_route=\/wp\/v2\/pages"}],"about":[{"href":"https:\/\/lollypopdolls.com\/index.php?rest_route=\/wp\/v2\/types\/page"}],"author":[{"embeddable":true,"href":"https:\/\/lollypopdolls.com\/index.php?rest_route=\/wp\/v2\/users\/1"}],"replies":[{"embeddable":true,"href":"https:\/\/lollypopdolls.com\/index.php?rest_route=%2Fwp%2Fv2%2Fcomments&post=19"}],"version-history":[{"count":0,"href":"https:\/\/lollypopdolls.com\/index.php?rest_route=\/wp\/v2\/pages\/19\/revisions"}],"wp:attachment":[{"href":"https:\/\/lollypopdolls.com\/index.php?rest_route=%2Fwp%2Fv2%2Fmedia&parent=19"}],"curies":[{"name":"wp","href":"https:\/\/api.w.org\/{rel}","templated":true}]}}