{"id":17,"date":"2022-06-17T20:55:25","date_gmt":"2022-06-17T18:55:25","guid":{"rendered":"https:\/\/lollypopdolls.com\/?page_id=17"},"modified":"2022-06-17T20:55:25","modified_gmt":"2022-06-17T18:55:25","slug":"terminos-y-condiciones","status":"publish","type":"page","link":"https:\/\/lollypopdolls.com\/?page_id=17","title":{"rendered":"T\u00e9rminos y Condiciones"},"content":{"rendered":"<h1 align=\"center\">T\u00c9RMINOS DE SERVICIO<br \/>VISI\u00d3N GENERAL<\/h1>\n<p>Este sitio web es operado por mu\u00f1equitas.es. En todo el sitio, los t\u00e9rminos \u00abnosotros\u00bb, \u00abnos\u00bb y \u00abnuestro\u00bb se refieren a mu\u00f1equitas.es ofrece este sitio web, que incluye toda la informaci\u00f3n, herramientas y servicios disponibles en este sitio para usted, el usuario, condicionado a su aceptaci\u00f3n de todos los t\u00e9rminos, condiciones, pol\u00edticas y avisos aqu\u00ed indicados.<\/p>\n<p>Al visitar nuestro sitio y \/ o comprar algo de nosotros, participa en nuestro \u00abServicio\u00bb y acepta regirse por los siguientes t\u00e9rminos y condiciones (\u00abT\u00e9rminos del Servicio\u00bb, \u00abT\u00e9rminos\u00bb), incluidos los t\u00e9rminos, condiciones y pol\u00edticas adicionales. Se hace referencia en este documento y \/ o est\u00e1 disponible por hiperv\u00ednculo. Estos T\u00e9rminos de servicio se aplican a todos los usuarios del sitio, incluidos, entre otros, los usuarios que son navegadores, proveedores, clientes, comerciantes y \/ o contribuyentes de contenido.<\/p>\n<p>Lea estos T\u00e9rminos de servicio detenidamente antes de acceder o utilizar nuestro sitio web. Al acceder o utilizar cualquier parte del sitio, usted acepta estar sujeto a estos T\u00e9rminos de servicio. Si no est\u00e1 de acuerdo con todos los t\u00e9rminos y condiciones de este acuerdo, entonces no puede acceder al sitio web ni utilizar ning\u00fan servicio. Si estos T\u00e9rminos de servicio se consideran una oferta, la aceptaci\u00f3n se limita expresamente a estos T\u00e9rminos de servicio.<\/p>\n<p>Cualquier nueva caracter\u00edstica o herramienta que se agregue a la tienda actual tambi\u00e9n estar\u00e1 sujeta a los T\u00e9rminos de Servicio. Puede revisar la versi\u00f3n m\u00e1s reciente de los T\u00e9rminos de servicio en cualquier momento en esta p\u00e1gina. Nos reservamos el derecho de actualizar, cambiar o reemplazar cualquier parte de estos T\u00e9rminos de servicio mediante la publicaci\u00f3n de actualizaciones y \/ o cambios en nuestro sitio web. Es su responsabilidad revisar esta p\u00e1gina peri\u00f3dicamente para ver si hay cambios. Su uso o acceso continuo al sitio web despu\u00e9s de la publicaci\u00f3n de cualquier cambio constituye la aceptaci\u00f3n de dichos cambios.<\/p>\n<p>SECCI\u00d3N 1 &#8211; T\u00c9RMINOS DE LA TIENDA EN L\u00cdNEA<\/p>\n<p>Al aceptar estos T\u00e9rminos de servicio, usted declara que tiene al menos la mayor\u00eda de edad en su pa\u00eds de residencia, o que es la mayor\u00eda de edad en su pa\u00eds de residencia y nos ha dado su consentimiento para permitir que cualquiera de sus Dependientes menores para usar este sitio.<br \/>No puede usar nuestros productos para ning\u00fan fin ilegal o no autorizado, ni puede, en el uso del Servicio, violar las leyes de su jurisdicci\u00f3n (incluidas, entre otras, las leyes de derechos de autor).<br \/>No debe transmitir ning\u00fan gusano o virus ni ning\u00fan c\u00f3digo de naturaleza destructiva.<br \/>El incumplimiento o violaci\u00f3n de cualquiera de los T\u00e9rminos dar\u00e1 como resultado la terminaci\u00f3n inmediata de sus Servicios.<\/p>\n<p>SECCI\u00d3N 2 &#8211; CONDICIONES GENERALES<\/p>\n<p>Nos reservamos el derecho de rechazar el servicio a cualquier persona por cualquier motivo en cualquier momento.<br \/>Usted comprende que su contenido (sin incluir la informaci\u00f3n de la tarjeta de cr\u00e9dito) puede transferirse sin cifrar e implica (a) transmisiones a trav\u00e9s de varias redes; y (b) cambios para cumplir y adaptarse a los requisitos t\u00e9cnicos de conexi\u00f3n de redes o dispositivos. La informaci\u00f3n de la tarjeta de cr\u00e9dito siempre se cifra durante la transferencia a trav\u00e9s de redes.<br \/>Acepta no reproducir, duplicar, copiar, vender, revender o explotar cualquier parte del Servicio, su uso o acceso al Servicio o cualquier contacto en el sitio web a trav\u00e9s del cual se proporciona el servicio, sin el permiso expreso por escrito de nosotros. .<br \/>Los encabezados utilizados en este acuerdo se incluyen solo por conveniencia y no limitar\u00e1n ni afectar\u00e1n de otra manera estos T\u00e9rminos.<\/p>\n<p>SECCI\u00d3N 3 &#8211; EXACTITUD, INTEGRIDAD Y OPORTUNIDAD DE INFORMACI\u00d3N<\/p>\n<p>No somos responsables si la informaci\u00f3n disponible en este sitio no es precisa, completa o actual. El material en este sitio se proporciona solo para informaci\u00f3n general y no se debe confiar o utilizar como la \u00fanica base para tomar decisiones sin consultar fuentes de informaci\u00f3n primarias, m\u00e1s precisas, m\u00e1s completas o m\u00e1s oportunas. Cualquier confianza en el material de este sitio es bajo su propio riesgo.<br \/>Este sitio puede contener cierta informaci\u00f3n hist\u00f3rica. La informaci\u00f3n hist\u00f3rica, necesariamente, no est\u00e1 actualizada y se proporciona solo para su referencia. Nos reservamos el derecho de modificar los contenidos de este sitio en cualquier momento, pero no tenemos la obligaci\u00f3n de actualizar ninguna informaci\u00f3n en nuestro sitio. Usted acepta que es su responsabilidad monitorear los cambios en nuestro sitio.<\/p>\n<p>SECCI\u00d3N 4 &#8211; MODIFICACIONES AL SERVICIO Y PRECIOS<\/p>\n<p>Los precios de nuestros productos est\u00e1n sujetos a cambios sin previo aviso.<br \/>En cualquier momento nos reservamos el derecho de modificar o interrumpir el Servicio (o cualquier parte o contenido del mismo) sin previo aviso en cualquier momento.<br \/>No seremos responsables ante usted ni ante terceros por cualquier modificaci\u00f3n, cambio de precio, suspensi\u00f3n o interrupci\u00f3n del Servicio.<\/p>\n<p>SECCI\u00d3N 5 &#8211; PRODUCTOS O SERVICIOS (si corresponde)<\/p>\n<p>Ciertos productos o servicios pueden estar disponibles exclusivamente en l\u00ednea a trav\u00e9s del sitio web. Estos productos o servicios pueden tener cantidades limitadas y est\u00e1n sujetos a devoluci\u00f3n o cambio \u00fanicamente de acuerdo con nuestra Pol\u00edtica de devoluci\u00f3n.<br \/>Hemos hecho todo lo posible para mostrar con la mayor precisi\u00f3n posible los colores e im\u00e1genes de nuestros productos que aparecen en la tienda. No podemos garantizar que la visualizaci\u00f3n de cualquier color del monitor de su computadora sea precisa.<br \/>Nos reservamos el derecho, pero no estamos obligados, a limitar las ventas de nuestros productos o Servicios a cualquier persona, regi\u00f3n geogr\u00e1fica o jurisdicci\u00f3n. Podemos ejercer este derecho en una base de caso por caso. Nos reservamos el derecho de limitar las cantidades de cualquier producto o servicio que ofrezcamos. Todas las descripciones de productos o precios de productos est\u00e1n sujetas a cambios en cualquier momento sin previo aviso, a nuestra entera discreci\u00f3n. Nos reservamos el derecho de descontinuar cualquier producto en cualquier momento. Cualquier oferta por cualquier producto o servicio realizado en este sitio es nula donde est\u00e9 prohibida.<br \/>No garantizamos que la calidad de los productos, servicios, informaci\u00f3n u otro material comprado u obtenido por usted cumpla con sus expectativas, o que se corrija cualquier error en el Servicio.<\/p>\n<p>SECCI\u00d3N 6 &#8211; EXACTITUD DE LA INFORMACI\u00d3N DE FACTURACI\u00d3N Y DE LA CUENTA<\/p>\n<p>Nos reservamos el derecho de rechazar cualquier pedido que usted realice con nosotros. Podemos, a nuestro exclusivo criterio, limitar o cancelar las cantidades compradas por persona, por hogar o por pedido. Estas restricciones pueden incluir pedidos realizados por o bajo la misma cuenta de cliente, la misma tarjeta de cr\u00e9dito y \/ o pedidos que utilizan la misma direcci\u00f3n de facturaci\u00f3n y \/ o env\u00edo. En el caso de que realicemos un cambio o cancelemos un pedido, podemos intentar notificarlo comunic\u00e1ndonos con el correo electr\u00f3nico y \/ o la direcci\u00f3n de facturaci\u00f3n \/ n\u00famero de tel\u00e9fono proporcionado en el momento en que se realiz\u00f3 el pedido. Nos reservamos el derecho de limitar o prohibir los pedidos que, a nuestro exclusivo criterio, parecen ser realizados por distribuidores, revendedores o distribuidores.<\/p>\n<p>Usted acepta proporcionar informaci\u00f3n de compra y cuenta actual, completa y precisa para todas las compras realizadas en nuestra tienda. Acepta actualizar de inmediato su cuenta y otra informaci\u00f3n, incluida su direcci\u00f3n de correo electr\u00f3nico y los n\u00fameros de las tarjetas de cr\u00e9dito y las fechas de vencimiento, para que podamos completar sus transacciones y contactarlo cuando sea necesario.<\/p>\n<p>Para m\u00e1s detalles, por favor revise nuestra pol\u00edtica de devoluciones.<\/p>\n<p>SECCI\u00d3N 7 &#8211; HERRAMIENTAS OPCIONALES<\/p>\n<p>Es posible que le proporcionemos acceso a herramientas de terceros sobre las cuales no supervisamos ni tenemos ning\u00fan control ni entrada.<br \/>Usted reconoce y acepta que proporcionamos acceso a dichas herramientas \u00abtal como est\u00e1n\u00bb y \u00abseg\u00fan est\u00e9n disponibles\u00bb sin ninguna garant\u00eda, representaci\u00f3n o condici\u00f3n de ning\u00fan tipo y sin ning\u00fan tipo de respaldo. No tendremos ninguna responsabilidad derivada de su uso de herramientas de terceros opcionales.<br \/>Cualquier uso que usted haga de las herramientas opcionales ofrecidas a trav\u00e9s del sitio es totalmente bajo su propio riesgo y discreci\u00f3n, y debe asegurarse de estar familiarizado y aprobar los t\u00e9rminos en los cuales las herramientas son proporcionadas por el proveedor o proveedores relevantes.<br \/>Tambi\u00e9n podemos, en el futuro, ofrecer nuevos servicios y \/ o caracter\u00edsticas a trav\u00e9s del sitio web (incluido el lanzamiento de nuevas herramientas y recursos). Tales nuevas caracter\u00edsticas y \/ o servicios tambi\u00e9n estar\u00e1n sujetos a estos T\u00e9rminos de Servicio.<\/p>\n<p>SECCI\u00d3N 8 &#8211; ENLACES DE TERCEROS<\/p>\n<p>Ciertos contenidos, productos y servicios disponibles a trav\u00e9s de nuestro Servicio pueden incluir materiales de terceros.<br \/>Los enlaces de terceros en este sitio pueden dirigirlo a sitios web de terceros que no est\u00e1n afiliados con nosotros. No somos responsables de examinar o evaluar el contenido o la precisi\u00f3n, y no garantizamos y no seremos responsables de ning\u00fan material o sitio web de terceros, ni de ning\u00fan otro material, producto o servicio de terceros.<br \/>No somos responsables de ning\u00fan da\u00f1o o da\u00f1o relacionado con la compra o el uso de bienes, servicios, recursos, contenido o cualquier otra transacci\u00f3n realizada en relaci\u00f3n con sitios web de terceros. Revise detenidamente las pol\u00edticas y pr\u00e1cticas de terceros y aseg\u00farese de que las comprende antes de realizar cualquier transacci\u00f3n. Las quejas, reclamos, inquietudes o preguntas relacionadas con productos de terceros deben dirigirse al tercero.<\/p>\n<p>SECCI\u00d3N 9 &#8211; COMENTARIOS DEL USUARIO, COMENTARIOS Y OTRAS PRESENTACIONES<\/p>\n<p>Si, a petici\u00f3n nuestra, env\u00eda ciertos env\u00edos espec\u00edficos (por ejemplo, participaciones en el concurso) o, si no lo solicita, puede enviar ideas creativas, sugerencias, propuestas, planes u otros materiales, ya sea en l\u00ednea, por correo electr\u00f3nico, por correo postal o de otra manera. (colectivamente, &#8216;comentarios&#8217;), usted acepta que, en cualquier momento, sin restricciones, podemos editar, copiar, publicar, distribuir, traducir y utilizar de cualquier otro modo cualquier comentario que nos env\u00ede. Estamos y no estaremos bajo ninguna obligaci\u00f3n (1) de mantener cualquier comentario en secreto; (2) para pagar una indemnizaci\u00f3n por cualquier comentario; o (3) para responder a cualquier comentario.<br \/>Podemos, pero no tenemos la obligaci\u00f3n de monitorear, editar o eliminar el contenido que determinemos a nuestra entera discreci\u00f3n que sea ilegal, ofensivo, amenazante, difamatorio, difamatorio, pornogr\u00e1fico, obsceno o de lo contrario objetable o que viole la propiedad intelectual de cualquier parte o estos T\u00e9rminos de servicio. .<br \/>Usted acepta que sus comentarios no violar\u00e1n ning\u00fan derecho de terceros, incluidos los derechos de autor, marca registrada, privacidad, personalidad u otro derecho personal o de propiedad. Adem\u00e1s, acepta que sus comentarios no contendr\u00e1n material difamatorio o ilegal, abusivo u obsceno, ni contendr\u00e1n ning\u00fan virus inform\u00e1tico u otro malware que pueda afectar de alguna manera el funcionamiento del Servicio o cualquier sitio web relacionado. No puede usar una direcci\u00f3n de correo electr\u00f3nico falsa, pretender ser otra persona que no sea usted mismo o enga\u00f1arnos a nosotros o a terceros en cuanto al origen de los comentarios. Usted es el \u00fanico responsable de los comentarios que realice y de su exactitud. No asumimos ninguna responsabilidad ni asumimos ninguna responsabilidad por los comentarios publicados por usted o cualquier tercero.<\/p>\n<p>SECCI\u00d3N 10 &#8211; INFORMACI\u00d3N PERSONAL<\/p>\n<p>Su env\u00edo de informaci\u00f3n personal a trav\u00e9s de la tienda se rige por nuestra Pol\u00edtica de privacidad.<\/p>\n<p>SECCI\u00d3N 11 &#8211; ERRORES, INACULTURAS Y OMISIONES<\/p>\n<p>Ocasionalmente, puede haber informaci\u00f3n en nuestro sitio o en el Servicio que contenga errores tipogr\u00e1ficos, inexactitudes u omisiones que puedan estar relacionadas con descripciones de productos, precios, promociones, ofertas, cargos de env\u00edo de productos, tiempos de tr\u00e1nsito y disponibilidad. Nos reservamos el derecho de corregir cualquier error, inexactitud u omisi\u00f3n, y de cambiar o actualizar la informaci\u00f3n o cancelar pedidos si alguna informaci\u00f3n en el Servicio o en cualquier sitio web relacionado es inexacta en cualquier momento sin previo aviso (incluso despu\u00e9s de haber enviado su pedido) .<br \/>No asumimos ninguna obligaci\u00f3n de actualizar, enmendar o aclarar la informaci\u00f3n en el Servicio o en cualquier sitio web relacionado, incluyendo, entre otros, la informaci\u00f3n de precios, excepto seg\u00fan lo exija la ley. No se debe tomar ninguna actualizaci\u00f3n espec\u00edfica o fecha de actualizaci\u00f3n aplicada en el Servicio o en ning\u00fan sitio web relacionado, para indicar que toda la informaci\u00f3n en el Servicio o en cualquier sitio web relacionado ha sido modificada o actualizada.<\/p>\n<p>SECCI\u00d3N 12 &#8211; USOS PROHIBIDOS<\/p>\n<p>Adem\u00e1s de otras prohibiciones seg\u00fan lo establecido en los T\u00e9rminos de servicio, se le proh\u00edbe usar el sitio o su contenido: (a) para cualquier prop\u00f3sito ilegal; (b) para solicitar a otros que realicen o participen en actos ilegales; (c) violar cualquier reglamento internacional o del Reino Unido, normas, leyes o ordenanzas locales; (d) infringir o violar nuestros derechos de propiedad intelectual o los derechos de propiedad intelectual de terceros; (e) hostigar, abusar, insultar, da\u00f1ar, difamar, calumniar, desacreditar, intimidar o discriminar por motivos de g\u00e9nero, orientaci\u00f3n sexual, religi\u00f3n, origen \u00e9tnico, raza, edad, origen nacional o discapacidad; (f) presentar informaci\u00f3n falsa o enga\u00f1osa; (g) para cargar o transmitir virus o cualquier otro tipo de c\u00f3digo malicioso que se usar\u00e1 de cualquier manera que afecte la funcionalidad o el funcionamiento del Servicio o de cualquier sitio web relacionado, otros sitios web o Internet; (h) para recopilar o rastrear la informaci\u00f3n personal de otros; (i) spam, phish, pharm, pretexto, ara\u00f1a, rastreo o raspado; (j) para cualquier prop\u00f3sito obsceno o inmoral; o (k) para interferir o eludir las caracter\u00edsticas de seguridad del Servicio o cualquier sitio web relacionado, otros sitios web o Internet. Nos reservamos el derecho de finalizar su uso del Servicio o de cualquier sitio web relacionado por violar cualquiera de los usos prohibidos.<\/p>\n<p>SECCI\u00d3N 13 &#8211; EXENCI\u00d3N DE RESPONSABILIDAD DE GARANT\u00cdAS; LIMITACI\u00d3N DE RESPONSABILIDAD<\/p>\n<p>No garantizamos, representamos ni garantizamos que su uso de nuestro servicio sea ininterrumpido, oportuno, seguro o libre de errores.<br \/>No garantizamos que los resultados que se puedan obtener del uso del servicio sean precisos o confiables.<br \/>Usted acepta que de vez en cuando podemos eliminar el servicio por per\u00edodos de tiempo indefinidos o cancelar el servicio en cualquier momento, sin previo aviso.<br \/>Usted acepta expresamente que su uso o la imposibilidad de usar el servicio es bajo su \u00fanico riesgo. El servicio y todos los productos y servicios que se le entregan a trav\u00e9s del servicio se brindan (a excepci\u00f3n de lo expresado expresamente por nosotros), tal como est\u00e1n y est\u00e1n disponibles para su uso, sin ninguna representaci\u00f3n, garant\u00eda o condici\u00f3n de ning\u00fan tipo, ya sea expresa o impl\u00edcita, incluidas todas las garant\u00edas o condiciones impl\u00edcitas de comercializaci\u00f3n, calidad comercial, idoneidad para un prop\u00f3sito particular, durabilidad, t\u00edtulo y no infracci\u00f3n.<br \/>En ning\u00fan caso, nosotros, nuestros directores, funcionarios, empleados, afiliados, agentes, contratistas, pasantes, proveedores, proveedores de servicios o licenciantes seremos responsables de cualquier lesi\u00f3n, p\u00e9rdida, reclamaci\u00f3n o cualquier da\u00f1o directo, indirecto, incidental, punitivo, especial o da\u00f1os consecuenciales de cualquier tipo, incluidos, sin limitaci\u00f3n, p\u00e9rdida de beneficios, p\u00e9rdida de ingresos, p\u00e9rdida de datos, costos de reemplazo o da\u00f1os similares, ya sea por contrato, responsabilidad extracontractual (incluida la negligencia), responsabilidad estricta o de otro tipo, derivados de su responsabilidad. el uso de cualquiera de los servicios o productos adquiridos utilizando el servicio, o para cualquier otra reclamaci\u00f3n relacionada de alguna manera con su uso del servicio o cualquier producto, incluidos, entre otros, cualquier error u omisi\u00f3n en cualquier contenido, o cualquier p\u00e9rdida o da\u00f1o de cualquier tipo en el que se incurra como resultado del uso del servicio o del contenido (o producto) publicado, transmitido o puesto a disposici\u00f3n de otro modo a trav\u00e9s del servicio, incluso si se informa de su posibilidad. Debido a que algunos estados o jurisdicciones no permiten la exclusi\u00f3n o limitaci\u00f3n de responsabilidad por da\u00f1os indirectos o incidentales, en dichos estados o jurisdicciones, nuestra responsabilidad se limitar\u00e1 al m\u00e1ximo permitido por la ley.<\/p>\n<p>SECCI\u00d3N 14 &#8211; INDEMNIZACI\u00d3N<\/p>\n<p>Usted acepta indemnizarnos, defendernos y mantenernos inofensivos a nosotros y a nuestra matriz, subsidiarias, afiliadas, socios, funcionarios, directores, agentes, contratistas, licenciadores, proveedores de servicios, subcontratistas, proveedores, pasantes y empleados, sin perjuicio de cualquier reclamo o demanda, incluido los honorarios de abogados, realizados por cualquier tercero debido a su incumplimiento de estos T\u00e9rminos de Servicio o los documentos que incorporan por referencia, o su violaci\u00f3n de cualquier ley o los derechos de un tercero.<\/p>\n<p>SECCI\u00d3N 15 &#8211; SEPARABILIDAD<\/p>\n<p>En el caso de que se determine que cualquier disposici\u00f3n de estos T\u00e9rminos de Servicio es ilegal, nula o inejecutable, dicha disposici\u00f3n, sin embargo, ser\u00e1 aplicable en la medida m\u00e1xima permitida por la ley aplicable, y la parte no exigible se considerar\u00e1 separada de estos T\u00e9rminos de Servicio, dicha determinaci\u00f3n no afectar\u00e1 la validez y exigibilidad de cualquier otra disposici\u00f3n restante.<\/p>\n<p>SECCI\u00d3N 16 &#8211; TERMINACI\u00d3N<\/p>\n<p>Las obligaciones y responsabilidades de las partes incurridas antes de la fecha de terminaci\u00f3n sobrevivir\u00e1n a la terminaci\u00f3n de este acuerdo para todos los prop\u00f3sitos.<br \/>Estos T\u00e9rminos de Servicio son efectivos a menos y hasta que sean terminados por usted o por nosotros. Puede terminar estos T\u00e9rminos de Servicio en cualquier momento notific\u00e1ndonos que ya no desea utilizar nuestros Servicios o cuando deje de usar nuestro sitio.<br \/>Si, a nuestro exclusivo criterio, usted no cumple, o sospechamos que no cumpli\u00f3 con alg\u00fan t\u00e9rmino o disposici\u00f3n de estos T\u00e9rminos de servicio, tambi\u00e9n podemos rescindir este acuerdo en cualquier momento sin previo aviso y usted ser\u00e1 responsable de todos los montos adeudados. hasta e incluyendo la fecha de terminaci\u00f3n; y \/ o en consecuencia puede negarle el acceso a nuestros Servicios (o cualquier parte de los mismos).<\/p>\n<p>SECCI\u00d3N 17 &#8211; ACUERDO COMPLETO<\/p>\n<p>El hecho de que no hayamos ejercido o hecho cumplir cualquier derecho o disposici\u00f3n de estos T\u00e9rminos de Servicio no constituir\u00e1 una renuncia a dicho derecho o disposici\u00f3n.<br \/>Estos T\u00e9rminos de Servicio y todas las pol\u00edticas o reglas de operaci\u00f3n publicadas por nosotros en este sitio o con respecto al Servicio constituyen el acuerdo y la comprensi\u00f3n completos entre usted y nosotros y rigen su uso del Servicio, sustituyendo cualquier acuerdo, comunicaciones y propuestas anteriores o actuales. , ya sea oral o por escrito, entre usted y nosotros (incluidas, entre otras, cualquier versi\u00f3n anterior de los T\u00e9rminos de servicio).<br \/>Cualquier ambig\u00fcedad en la interpretaci\u00f3n de estos T\u00e9rminos de Servicio no se interpretar\u00e1 en contra de la parte redactora.<\/p>\n<p>SECCI\u00d3N 18 &#8211; LEY DE GOBIERNO<\/p>\n<p>Estos T\u00e9rminos de Servicio y cualquier acuerdo por separado mediante el cual le brindemos Servicios se regir\u00e1n e interpretar\u00e1n de acuerdo con las leyes del Espa\u00f1a.<\/p>\n<p>SECCI\u00d3N 19 &#8211; CAMBIOS A LOS T\u00c9RMINOS DEL SERVICIO<\/p>\n<p>Puede revisar la versi\u00f3n m\u00e1s reciente de los T\u00e9rminos de servicio en cualquier momento en esta p\u00e1gina.<br \/>Nos reservamos el derecho, a nuestro exclusivo criterio, de actualizar, cambiar o reemplazar cualquier parte de estos T\u00e9rminos de servicio mediante la publicaci\u00f3n de actualizaciones y cambios en nuestro sitio web. Es su responsabilidad revisar peri\u00f3dicamente nuestro sitio web para ver si hay cambios. Su uso o acceso continuo a nuestro sitio web o al Servicio despu\u00e9s de la publicaci\u00f3n de cualquier cambio a estos T\u00e9rminos de Servicio constituye la aceptaci\u00f3n de dichos cambios.<\/p>\n<p>SECCI\u00d3N 20 &#8211; INFORMACI\u00d3N DE CONTACTO<\/p>\n<p>Las preguntas sobre los T\u00e9rminos de servicio deben enviarse a\u00a0info@mu\u00f1equitas.es<\/p>\n<p>A los clientes solo se les cobrar\u00e1 una vez los gastos de env\u00edo (esto incluye devoluciones); Sin reposici\u00f3n, se cargar\u00e1 a los consumidores por la devoluci\u00f3n de un producto.<\/p>\n","protected":false},"excerpt":{"rendered":"<p>T\u00c9RMINOS DE SERVICIOVISI\u00d3N GENERAL Este sitio web es operado por mu\u00f1equitas.es. En todo el sitio, los t\u00e9rminos \u00abnosotros\u00bb, \u00abnos\u00bb y \u00abnuestro\u00bb se refieren a mu\u00f1equitas.es ofrece este sitio web, que incluye toda la informaci\u00f3n, herramientas y servicios disponibles en este sitio para usted, el usuario, condicionado a su aceptaci\u00f3n de todos los t\u00e9rminos, condiciones, pol\u00edticas [&hellip;]<\/p>\n","protected":false},"author":1,"featured_media":0,"parent":0,"menu_order":0,"comment_status":"closed","ping_status":"closed","template":"","meta":{"footnotes":""},"class_list":["post-17","page","type-page","status-publish","hentry","entry","owp-thumbs-layout-horizontal","owp-btn-normal","owp-tabs-layout-horizontal","has-no-thumbnails","has-product-nav"],"_links":{"self":[{"href":"https:\/\/lollypopdolls.com\/index.php?rest_route=\/wp\/v2\/pages\/17","targetHints":{"allow":["GET"]}}],"collection":[{"href":"https:\/\/lollypopdolls.com\/index.php?rest_route=\/wp\/v2\/pages"}],"about":[{"href":"https:\/\/lollypopdolls.com\/index.php?rest_route=\/wp\/v2\/types\/page"}],"author":[{"embeddable":true,"href":"https:\/\/lollypopdolls.com\/index.php?rest_route=\/wp\/v2\/users\/1"}],"replies":[{"embeddable":true,"href":"https:\/\/lollypopdolls.com\/index.php?rest_route=%2Fwp%2Fv2%2Fcomments&post=17"}],"version-history":[{"count":0,"href":"https:\/\/lollypopdolls.com\/index.php?rest_route=\/wp\/v2\/pages\/17\/revisions"}],"wp:attachment":[{"href":"https:\/\/lollypopdolls.com\/index.php?rest_route=%2Fwp%2Fv2%2Fmedia&parent=17"}],"curies":[{"name":"wp","href":"https:\/\/api.w.org\/{rel}","templated":true}]}}