{"id":15,"date":"2022-06-17T20:55:25","date_gmt":"2022-06-17T18:55:25","guid":{"rendered":"https:\/\/lollypopdolls.com\/?page_id=15"},"modified":"2022-06-17T20:55:25","modified_gmt":"2022-06-17T18:55:25","slug":"politica-de-privacidad","status":"publish","type":"page","link":"https:\/\/lollypopdolls.com\/?page_id=15","title":{"rendered":"Pol\u00edtica de Privacidad"},"content":{"rendered":"<header class=\"entry-header\" aria-label=\"Contenido\">\n<h1 class=\"entry-title\" itemprop=\"headline\">Pol\u00edtica de Privacidad<\/h1>\n<\/header>\n<div class=\"entry-content\" itemprop=\"text\">\n<div data-elementor-type=\"wp-page\" data-elementor-id=\"35\" class=\"elementor elementor-35\">\n<div class=\"elementor-inner\">\n<div class=\"elementor-section-wrap\">\n<section class=\"elementor-section elementor-top-section elementor-element elementor-element-39843ca5 elementor-section-boxed elementor-section-height-default elementor-section-height-default\" data-id=\"39843ca5\" data-element_type=\"section\">\n<div class=\"elementor-container elementor-column-gap-default\">\n<div class=\"elementor-row\">\n<div class=\"elementor-column elementor-col-100 elementor-top-column elementor-element elementor-element-54dd3a7c\" data-id=\"54dd3a7c\" data-element_type=\"column\">\n<div class=\"elementor-column-wrap elementor-element-populated\">\n<div class=\"elementor-widget-wrap\">\n<div class=\"elementor-element elementor-element-30baf71b elementor-widget elementor-widget-text-editor\" data-id=\"30baf71b\" data-element_type=\"widget\" data-widget_type=\"text-editor.default\">\n<div class=\"elementor-widget-container\">\n<div class=\"elementor-text-editor elementor-clearfix\">\n<p>\u00a0<\/p>\n<h2 id=\"informacion-general\" class=\"joli-heading\">Informaci\u00f3n General<\/h2>\n<p>La pol\u00edtica de privacidad que se describe a continuaci\u00f3n s\u00f3lo es aplicable al presente sitio web, entendiendo como tal todas las p\u00e1ginas y subp\u00e1ginas incluidas en\u00a0<strong>sexdollsyrelatos.com<\/strong>, declinando cualquier responsabilidad sobre las diferentes pol\u00edticas de privacidad y protecci\u00f3n de datos de car\u00e1cter personal que puedan contener los sitios web a los cuales pueda accederse a trav\u00e9s de los hiperv\u00ednculos ubicados en\u00a0<strong>sexdollsyrelatos.com<\/strong>\u00a0y no gestionados directamente por\u00a0el mismo.<\/p>\n<p>Se pone en conocimiento de los usuarios de\u00a0<strong>sexdollsyrelatos.com<\/strong>\u00a0que la presente declaraci\u00f3n refleja la pol\u00edtica en materia de protecci\u00f3n de datos que sigue\u00a0<strong>sexdollsyrelatos.com<\/strong>. Esta pol\u00edtica se ha configurado respetando escrupulosamente la normativa vigente en materia de protecci\u00f3n de datos personales, esto es, entre otras, la Ley Org\u00e1nica 15\/1999, de 13 de Diciembre, de Protecci\u00f3n de Datos de car\u00e1cter personal (en adelante LOPD) y el Real Decreto 1720\/2007, de de 21 de diciembre, por el que se aprueba el Reglamento de desarrollo de la Ley Org\u00e1nica 15\/1999, de 13 de diciembre, de protecci\u00f3n de datos de car\u00e1cter personal. (en adelante RD 1720\/2007).<\/p>\n<\/div>\n<\/div>\n<\/div>\n<div class=\"elementor-element elementor-element-c2e6e97 elementor-widget elementor-widget-text-editor\" data-id=\"c2e6e97\" data-element_type=\"widget\" data-widget_type=\"text-editor.default\">\n<div class=\"elementor-widget-container\">\n<div class=\"elementor-text-editor elementor-clearfix\">\n<p>\u00a0<\/p>\n<h2 id=\"recogida-de-datos-de-caracter-personal\" class=\"joli-heading\">Recogida de datos de car\u00e1cter personal<\/h2>\n<p><strong>sexdollsyrelatos.com<\/strong>\u00a0no recaba voluntariamente datos de car\u00e1cter personal de los usuarios de este sitio web. Los \u00fanicos datos que se solicitan de los Usuarios son aquellos que el usuario proporciona de forma voluntaria a trav\u00e9s de los diferentes formularios de sexdollsyrelatos.com. En consecuencia,\u00a0<strong>sexdollsyrelatos.com<\/strong><span>\u00a0<\/span>s\u00f3lo dispondr\u00e1 de datos personales de aquellos usuarios que voluntariamente quieran proporcion\u00e1rselos. S\u00f3lo en estos casos en que el Usuario lo desee, y siempre de forma voluntaria, podr\u00e1 comunicar sus datos de car\u00e1cter personal a\u00a0<strong>sexdollsyrelatos.com<\/strong>.<\/p>\n<p>Dichos datos podr\u00e1n ser incorporados a un fichero automatizado, registrado ante la Agencia Espa\u00f1ola de Protecci\u00f3n de Datos, bajo la titularidad de\u00a0<strong>sexdollsyrelatos.com<\/strong>, que los utilizar\u00e1 exclusivamente con la finalidad de gestionar su condici\u00f3n de usuario registrado de los servicio de soporte de\u00a0<strong>sexdollsyrelatos.com<\/strong>\u00a0y de dar respuesta a las solicitudes realizadas a trav\u00e9s de los formularios de contacto.<\/p>\n<p>En cualquier caso, los datos recogidos ser\u00e1n tratados siempre respetando la normativa vigente en materia de protecci\u00f3n de datos de car\u00e1cter personal.<\/p>\n<\/div>\n<\/div>\n<\/div>\n<div class=\"elementor-element elementor-element-b6f2ba7 elementor-widget elementor-widget-text-editor\" data-id=\"b6f2ba7\" data-element_type=\"widget\" data-widget_type=\"text-editor.default\">\n<div class=\"elementor-widget-container\">\n<div class=\"elementor-text-editor elementor-clearfix\">\n<p>\u00a0<\/p>\n<h2 id=\"medidas-de-seguridad\" class=\"joli-heading\"><span>Medidas de seguridad<\/span><\/h2>\n<p>Los datos personales comunicados por el Usuario a\u00a0<strong>sexdollsyrelatos.com<\/strong>, pueden ser almacenados en bases de datos automatizadas o no, cuya titularidad corresponde en exclusiva a\u00a0<strong>sexdollsyrelatos.com<\/strong>, asumiendo \u00e9sta todas las medidas de \u00edndole t\u00e9cnica, organizativa y de seguridad que garantizan la confidencialidad, integridad y calidad de la informaci\u00f3n contenida en las mismas de acuerdo con lo establecido en la LOPD y en el RD 1720\/2007.<\/p>\n<p>La comunicaci\u00f3n entre los usuarios y\u00a0<strong>sexdollsyrelatos.com<\/strong>\u00a0utiliza un canal seguro, y los datos transmitidos son cifrados. Aun as\u00ed, se solicita a los Usuarios que se abstengan de enviar aquellos datos personales que merezcan la consideraci\u00f3n de datos especialmente protegidos en los t\u00e9rminos del art\u00edculo 7 de la LOPD, ya que las medidas de seguridad aplicables a un canal seguro nunca lo hacen del todo aconsejable.<\/p>\n<\/div>\n<\/div>\n<\/div>\n<div class=\"elementor-element elementor-element-326812a elementor-widget elementor-widget-text-editor\" data-id=\"326812a\" data-element_type=\"widget\" data-widget_type=\"text-editor.default\">\n<div class=\"elementor-widget-container\">\n<div class=\"elementor-text-editor elementor-clearfix\">\n<p>\u00a0<\/p>\n<h2 id=\"cesion-de-datos\" class=\"joli-heading\"><span>Cesi\u00f3n de datos<\/span><\/h2>\n<p>Los datos de car\u00e1cter personal recogidos a trav\u00e9s de este sitio web no ser\u00e1n objeto de cesi\u00f3n a ning\u00fan otro sujeto ni empresa, salvo a los sujetos y en los supuestos concretos en que dicha cesi\u00f3n se encuentre amparada por la LOPD.<br \/>El Usuario que voluntariamente comunique sus datos a\u00a0<strong>sexdollsyrelatos.com\u00a0<\/strong>a trav\u00e9s de este sitio web consiente expresamente la utilizaci\u00f3n de dichos datos personales para el env\u00edo de informaci\u00f3n comercial por v\u00eda electr\u00f3nica de los productos y servicios comercializados por\u00a0<strong>sexdollsyrelatos.com<\/strong>, en estricto cumplimiento de lo dispuesto en la legislaci\u00f3n vigente en materia de Servicios de la Sociedad de la Informaci\u00f3n, en lo que a comunicaciones comerciales se refiere, salvo que manifieste su oposici\u00f3n.<\/p>\n<p>Asimismo, el Usuario que voluntariamente comunique sus datos a\u00a0<strong>sexdollsyrelatos.com<\/strong>\u00a0a trav\u00e9s de este sitio web consiente expresamente la utilizaci\u00f3n de dichos datos personales para el env\u00edo de informaci\u00f3n comercial, incluso por medios electr\u00f3nicos, de las empresas vinculadas con\u00a0<strong>sexdollsyrelatos.com<\/strong>, cuya denominaci\u00f3n social y actividad se incluye en la\u00a0<a href=\"https:\/\/sexdollsyrelatos.com\/aviso-legal\/\">p\u00e1gina legal<\/a>\u00a0en estricto cumplimiento de lo dispuesto en la legislaci\u00f3n vigente en materia de protecci\u00f3n de datos de car\u00e1cter personal y Servicios de la Sociedad de la Informaci\u00f3n, salvo que manifieste su oposici\u00f3n.<\/p>\n<\/div>\n<\/div>\n<\/div>\n<div class=\"elementor-element elementor-element-1a2d8dc elementor-widget elementor-widget-text-editor\" data-id=\"1a2d8dc\" data-element_type=\"widget\" data-widget_type=\"text-editor.default\">\n<div class=\"elementor-widget-container\">\n<div class=\"elementor-text-editor elementor-clearfix\">\n<p>\u00a0<\/p>\n<h2 id=\"derechos-de-acceso-oposicion-rectificacion-y-cancelacion\" class=\"joli-heading\">Derechos de acceso, oposici\u00f3n, rectificaci\u00f3n y cancelaci\u00f3n<\/h2>\n<p><strong>sexdollsyrelatos.com\u00a0<\/strong>se compromete a mantener en todo momento los datos personales que voluntariamente le hayan proporcionado los usuarios de este sitio web, actualizados, de manera que respondan de forma veraz a la identidad y caracter\u00edsticas personales de dichos usuarios. Por ello, cualquier Usuario puede en cualquier momento ejercer sus derechos de acceso, rectificaci\u00f3n, cancelaci\u00f3n y oposici\u00f3n, mediante comunicaci\u00f3n escrita dirigida a\u00a0<strong>sexdollsyrelatos.com<\/strong>.<\/p>\n<\/div>\n<\/div>\n<\/div>\n<div class=\"elementor-element elementor-element-a43f739 elementor-widget elementor-widget-text-editor\" data-id=\"a43f739\" data-element_type=\"widget\" data-widget_type=\"text-editor.default\">\n<div class=\"elementor-widget-container\">\n<div class=\"elementor-text-editor elementor-clearfix\">\n<p>\u00a0<\/p>\n<h2 id=\"politica-de-cookies\" class=\"joli-heading\"><span>POL\u00cdTICA\u00a0DE COOKIES<\/span><\/h2>\n<p>Durante la navegaci\u00f3n en sexdollsyrelatos.com se descargar\u00e1n peque\u00f1os ficheros denominados Cookies. Estos ficheros permiten reservar y recuperar informaci\u00f3n sobre tus datos de navegaci\u00f3n y el equipo que usas, de manera que se pueda reconocerte como usuario.<\/p>\n<\/div>\n<\/div>\n<\/div>\n<div class=\"elementor-element elementor-element-fe516cb elementor-widget elementor-widget-text-editor\" data-id=\"fe516cb\" data-element_type=\"widget\" data-widget_type=\"text-editor.default\">\n<div class=\"elementor-widget-container\">\n<div class=\"elementor-text-editor elementor-clearfix\">\n<p>\u00a0<\/p>\n<h3 id=\"tipos-de-cookies-utilizadas\" class=\"joli-heading\"><span>Tipos de Cookies utilizadas<\/span><\/h3>\n<p>Este sitio web utiliza:<\/p>\n<p>(a) Cookies propias: las que este sitio web est\u00e1 enviando a tu ordenador, smartphone o tablet.<\/p>\n<p>(b) Cookies de terceros: los ficheros de dominios o p\u00e1ginas web no gestionados por este sitio env\u00edan a tu terminal, con el objetivo de tratar los datos obtenidos a trav\u00e9s de las cookies.<\/p>\n<p>(c) Cookies de sesi\u00f3n: dise\u00f1ados para el almacenamiento de datos durante tu navegaci\u00f3n en esta web. Te muestran, por ejemplo, las p\u00e1ginas que has visto.<\/p>\n<p>(d) Cookies persistentes: se mantienen almacenadas en el terminal y son aquellas que nos ayudan a recordarte para tus pr\u00f3ximas visitas, haciendo que tus visitas sean m\u00e1s r\u00e1pidas y sencillas, ya que se mantienen tus ajustes.<\/p>\n<p>(e) Cookies de an\u00e1lisis: sexdollsyrelatos.com hace uso de Google Analytics con el \u00fanico objetivo de realizar mediciones y an\u00e1lisis estad\u00edsticos de la utilizaci\u00f3n de sus usuarios, con el fin de mejorar esta web.<\/p>\n<p>(f) Cookies publicitarias: permiten gestionar de forma eficiente la publicidad de esta web. De esta manera s\u00f3lo se te mostrar\u00e1 aquello que, en funci\u00f3n de tus h\u00e1bitos de navegaci\u00f3n, te resulte interesante.<\/p>\n<\/div>\n<\/div>\n<\/div>\n<div class=\"elementor-element elementor-element-a5fc41c elementor-widget elementor-widget-text-editor\" data-id=\"a5fc41c\" data-element_type=\"widget\" data-widget_type=\"text-editor.default\">\n<div class=\"elementor-widget-container\">\n<div class=\"elementor-text-editor elementor-clearfix\">\n<p>\u00a0<\/p>\n<h3 id=\"administracion-de-las-cookies\" class=\"joli-heading\"><span>Administraci\u00f3n de las Cookies<\/span><\/h3>\n<p>Si lo deseas, puedes permitir, bloquear y borrar las cookies que se hayan instalado en tu navegador. Todos los navegadores, desde su apartado de configuraci\u00f3n, permiten llevar a cabo estas acciones.<\/p>\n<\/div>\n<\/div>\n<\/div>\n<\/div>\n<\/div>\n<\/div>\n<\/div>\n<\/div>\n<\/section>\n<\/div>\n<\/div>\n<\/div>\n<\/div>\n","protected":false},"excerpt":{"rendered":"<p>Pol\u00edtica de Privacidad \u00a0 Informaci\u00f3n General La pol\u00edtica de privacidad que se describe a continuaci\u00f3n s\u00f3lo es aplicable al presente sitio web, entendiendo como tal todas las p\u00e1ginas y subp\u00e1ginas incluidas en\u00a0sexdollsyrelatos.com, declinando cualquier responsabilidad sobre las diferentes pol\u00edticas de privacidad y protecci\u00f3n de datos de car\u00e1cter personal que puedan contener los sitios web a [&hellip;]<\/p>\n","protected":false},"author":1,"featured_media":0,"parent":0,"menu_order":0,"comment_status":"closed","ping_status":"closed","template":"","meta":{"footnotes":""},"class_list":["post-15","page","type-page","status-publish","hentry","entry","owp-thumbs-layout-horizontal","owp-btn-normal","owp-tabs-layout-horizontal","has-no-thumbnails","has-product-nav"],"_links":{"self":[{"href":"https:\/\/lollypopdolls.com\/index.php?rest_route=\/wp\/v2\/pages\/15","targetHints":{"allow":["GET"]}}],"collection":[{"href":"https:\/\/lollypopdolls.com\/index.php?rest_route=\/wp\/v2\/pages"}],"about":[{"href":"https:\/\/lollypopdolls.com\/index.php?rest_route=\/wp\/v2\/types\/page"}],"author":[{"embeddable":true,"href":"https:\/\/lollypopdolls.com\/index.php?rest_route=\/wp\/v2\/users\/1"}],"replies":[{"embeddable":true,"href":"https:\/\/lollypopdolls.com\/index.php?rest_route=%2Fwp%2Fv2%2Fcomments&post=15"}],"version-history":[{"count":0,"href":"https:\/\/lollypopdolls.com\/index.php?rest_route=\/wp\/v2\/pages\/15\/revisions"}],"wp:attachment":[{"href":"https:\/\/lollypopdolls.com\/index.php?rest_route=%2Fwp%2Fv2%2Fmedia&parent=15"}],"curies":[{"name":"wp","href":"https:\/\/api.w.org\/{rel}","templated":true}]}}