{"id":12,"date":"2022-06-17T20:55:25","date_gmt":"2022-06-17T18:55:25","guid":{"rendered":"https:\/\/lollypopdolls.com\/?page_id=12"},"modified":"2022-06-17T20:55:25","modified_gmt":"2022-06-17T18:55:25","slug":"envios","status":"publish","type":"page","link":"https:\/\/lollypopdolls.com\/?page_id=12","title":{"rendered":"Env\u00edos"},"content":{"rendered":"<h1>ENV\u00cdO<\/h1>\n<div class=\"rte\">\n<h2>EL ENV\u00cdO\u00a0DE SU\u00a0PEDIDO<\/h2>\n<ul>\n<li>Los env\u00edos se efectuar\u00e1n con una Agencia de Transportes Correos Express.<\/li>\n<li>Para el \u00e1mbito nacional, Los plazos de expedici\u00f3n si el producto est\u00e1 en stock son de 24 a 72 horas. Para pedidos internacionales, el plazo puede ser una semana o m\u00e1s, dependiendo del destino.<\/li>\n<li>Los env\u00edos se realizan de lunes a viernes, no festivos.<\/li>\n<li>El plazo de entrega es de 1 a 5 d\u00edas laborables desde el momento de expedici\u00f3n.<\/li>\n<\/ul>\n<p>Los plazos de entrega variar\u00e1n seg\u00fan productos, medidas y provincia de entrega. Los art\u00edculos se entregar\u00e1n dentro del plazo convenido, salvo que el cliente desee que la mercanc\u00eda se le entregue m\u00e1s tarde de la fecha prevista.<\/p>\n<p>\u00a0<\/p>\n<p>Si desea efectuar alguna modificaci\u00f3n en la fecha de entrega de su pedido, deber\u00e1 avisar con una antelaci\u00f3n m\u00ednima igual al plazo de entrega del pedido.<\/p>\n<p>\u00a0<\/p>\n<p>La agencia de transportes efectuar\u00e1 los env\u00edos de lunes a viernes, quedando contigo antes de ir. Si tu poblaci\u00f3n se encuentra alejada de un gran n\u00facleo urbano o ciudad, o tiene menos de 5000 habitantes, la entrega puede demorarse de 3 a 5 d\u00edas.<\/p>\n<p>\u00a0<\/p>\n<p>Te recomendamos que, en caso de desacuerdo con la agencia de transportes, te pongas en contacto con nosotros, para que te ayudemos en la gesti\u00f3n.<\/p>\n<p>\u00a0<\/p>\n<p>En ocasiones, por causas ajenas a<span>\u00a0<\/span><span>Racescooter<\/span><span>\u00a0<\/span>, el plazo se puede demorar 2 d\u00edas laborables de su fecha prevista de entrega. En este caso, el comprador podr\u00e1 anular el pedido y recibir el importe abonado. El incumplimiento en la entrega no se considerar\u00e1 tal si ha sido retrasado por voluntad propia o si no se ha podido localizar al comprador mediante los datos facilitados por \u00e9ste.<\/p>\n<p>\u00a0<\/p>\n<p>En el supuesto de que se trate de un pedido de gran volumen o peso, que no pueda ser transportado por una \u00fanica persona de la agencia de transportes, aseg\u00farese de que una persona sin discapacidad est\u00e1 disponible para ayudar al conductor.<\/p>\n<h3>CANCELACI\u00d3N DE PEDIDOS<\/h3>\n<div>Si deseas cancelar un pedido debes ponerte en contacto con nosotros.<\/div>\n<div>Una vez gestionada tu solicitud, se te proporcionar\u00e1 un n\u00famero de cancelaci\u00f3n. Debes guardar siempre una copia de este n\u00famero. Los pedidos se cancelar\u00e1n una vez que este n\u00famero se te haya proporcionado y cualquier reclamaci\u00f3n de cualquier pedido cancelado no ser\u00e1 atendida hasta que el n\u00famero de cancelaci\u00f3n pueda ser informado. Los pedidos no se pueden cancelar una vez el pedido se haya entregado a la agencia de transportes. Si no necesitas la mercanc\u00eda una vez se ha\u00a0gestionado para su entrega, deber\u00e1s devolverla bajo las condiciones de la Pol\u00edtica de Devoluciones \u2013 Cambio de opini\u00f3n (ver m\u00e1s abajo).<\/div>\n<\/div>\n","protected":false},"excerpt":{"rendered":"<p>ENV\u00cdO EL ENV\u00cdO\u00a0DE SU\u00a0PEDIDO Los env\u00edos se efectuar\u00e1n con una Agencia de Transportes Correos Express. Para el \u00e1mbito nacional, Los plazos de expedici\u00f3n si el producto est\u00e1 en stock son de 24 a 72 horas. Para pedidos internacionales, el plazo puede ser una semana o m\u00e1s, dependiendo del destino. Los env\u00edos se realizan de lunes [&hellip;]<\/p>\n","protected":false},"author":1,"featured_media":0,"parent":0,"menu_order":0,"comment_status":"closed","ping_status":"closed","template":"","meta":{"footnotes":""},"class_list":["post-12","page","type-page","status-publish","hentry","entry","owp-thumbs-layout-horizontal","owp-btn-normal","owp-tabs-layout-horizontal","has-no-thumbnails","has-product-nav"],"_links":{"self":[{"href":"https:\/\/lollypopdolls.com\/index.php?rest_route=\/wp\/v2\/pages\/12","targetHints":{"allow":["GET"]}}],"collection":[{"href":"https:\/\/lollypopdolls.com\/index.php?rest_route=\/wp\/v2\/pages"}],"about":[{"href":"https:\/\/lollypopdolls.com\/index.php?rest_route=\/wp\/v2\/types\/page"}],"author":[{"embeddable":true,"href":"https:\/\/lollypopdolls.com\/index.php?rest_route=\/wp\/v2\/users\/1"}],"replies":[{"embeddable":true,"href":"https:\/\/lollypopdolls.com\/index.php?rest_route=%2Fwp%2Fv2%2Fcomments&post=12"}],"version-history":[{"count":0,"href":"https:\/\/lollypopdolls.com\/index.php?rest_route=\/wp\/v2\/pages\/12\/revisions"}],"wp:attachment":[{"href":"https:\/\/lollypopdolls.com\/index.php?rest_route=%2Fwp%2Fv2%2Fmedia&parent=12"}],"curies":[{"name":"wp","href":"https:\/\/api.w.org\/{rel}","templated":true}]}}